{"id":84,"date":"2026-02-23T21:17:08","date_gmt":"2026-02-23T21:17:08","guid":{"rendered":"https:\/\/www.sont.nl\/?page_id=84"},"modified":"2026-02-23T21:17:08","modified_gmt":"2026-02-23T21:17:08","slug":"ambassadeurs","status":"publish","type":"page","link":"https:\/\/www.sont.nl\/?page_id=84","title":{"rendered":"Ambassadeurs"},"content":{"rendered":"\n<p><strong>Ambassadeursomgeving<\/strong><\/p>\n\n\n\n<p>Om de Nedersaksische regionale taal verder te versterken en bekender te maken heeft het stichtingsbestuur ambassadeurs benoemd. Een ambassadeur van het Nedersaksisch is een bekende persoon die voor het Nedersaksisch pleit en die op geschikte momenten het Nedersaksisch uitdraagt.&nbsp;De&nbsp; namen van onze ambassadeurs worden hierna genoemd, met een link naar ieders website e.d.<\/p>\n\n\n\n<p><strong>Ambassadeursstee<\/strong><\/p>\n\n\n\n<p>Om de Nedersaksische regionaole tael veerder te verstarken en bekender te maeken het et stichtingsbestuur ambassadeurs benuumd. Een ambassadeur van et Nedersaksisch is een bekenden iene die veur et Nedersaksisch pleit en die op geschikte mementen et Nedersaksisch uutdreegt.&nbsp;De naemen van oonze ambassadeurs wo\u2019n hiernao nuumd, mit een link naor elk zien webstee of zoks. &nbsp;&nbsp;<\/p>\n\n\n\n<p><a href=\"https:\/\/www.cda.nl\/gelderland\/mensen\/toon\/daisy-vliegenthart-goedhart\/\" target=\"_blank\" rel=\"noreferrer noopener\">Daisy Vliegenthart-Goedhart<\/a>. Gelders Staotelid veur et CDA, auteur van \u2018Koesteren van een cultureel erfgoed\u2019 over de staotusverhoging van et Nedersaksisch.<br><br><a href=\"https:\/\/nl.wikipedia.org\/wiki\/Ype_Dijkstra\">Ype Dijkstra<\/a>. Tot veur kot veurzitter Stellingwarver Schrieversronte. Eerder borgemeister van Zeewolde, Boarnsterhim, Niedorp en Barsingerhorn; eerder ok wethoolder veur de PvdA in Epe, vice-veurzitter van de Keun. Schippersverieninge Schuttevaer (laandelik) en veurzitter van de noordelike ofdieling van Schuttevaer.<br><br><a href=\"https:\/\/nl.wikipedia.org\/wiki\/Jan_Kristen\" target=\"_blank\" rel=\"noreferrer noopener\">J.G. (Jan) Kristen<\/a>, eerder o.a. dippeteerde van Overiessel&nbsp;&nbsp;<\/p>\n\n\n\n<p><a href=\"http:\/\/pgkevents.nl\/pe-en-rinus-bende-van-bafflo-bill\" target=\"_blank\" rel=\"noreferrer noopener\">Peter de Haan<\/a>, lietieszanger\/ gitarist, iene van het duo Pe Daalemmer en Rooie Rinus, lid van de Bende van Baflo Bill<\/p>\n\n\n\n<p><a href=\"https:\/\/www.aaenhunze.nl\/Bestuur\/College_van_burgemeester_en_wethouders\/Samenstelling_college\/Eric_van_Oosterhout\" target=\"_blank\" rel=\"noreferrer noopener\">Eric van Oosterhout,<\/a>&nbsp;burgemeester van de gemeente Emmen.<\/p>\n\n\n\n<p><a href=\"https:\/\/nl.wikipedia.org\/wiki\/Marga_Kool\" target=\"_blank\" rel=\"noreferrer noopener\">Marga Kool,<\/a>&nbsp;schriefster,&nbsp;was dijkgraaf Reest en Wieden, iene van de oprichters van Sont<\/p>\n\n\n\n<p><a href=\"http:\/\/berthadders.nl\/\" target=\"_blank\" rel=\"noreferrer noopener\">Bert Hadders,<\/a>&nbsp;zanger in het Veenkoloniaals, geboren in 1<sup>e<\/sup>&nbsp;Exlo\u00ebrmond en wonend in Stad.<\/p>\n\n\n\n<p><a href=\"http:\/\/www.jan-veenstra.nl\/main.php\" target=\"_blank\" rel=\"noreferrer noopener\">Jan Veenstra,<\/a>&nbsp;Drents schriever<\/p>\n\n\n\n<p><a href=\"https:\/\/nds-nl.wikipedia.org\/wiki\/Arie_Ribbers\" target=\"_blank\" rel=\"noreferrer noopener\">Arie Ribbers<\/a>, journalist, streektaaldeskundige en radioman<\/p>\n\n\n\n<p><a href=\"http:\/\/www.europarl.europa.eu\/meps\/nl\/125030\/ANNIE_SCHREIJER-PIERIK_home.html\" target=\"_blank\" rel=\"noreferrer noopener\">Annie Schreijer-Pierik<\/a>&nbsp;Member of the European Parliament \/ D\u00e9put\u00e9e europ\u00e9enne \/ Lid van et Europees Parlement (CDA \/ EVP).<\/p>\n\n\n\n<p><a href=\"http:\/\/www.johan-veenstra.nl\/\" target=\"_blank\" rel=\"noreferrer noopener\">Johan Veenstra<\/a>. De bekendste en produktiefste schriever van Stellingwarf. Zien schrieveri\u2019je wodt wardeerd in et hiele Nedersaksische en Friese taelgebied en veer daorbuten.&nbsp;<\/p>\n\n\n\n<p><a rel=\"noreferrer noopener\" href=\"http:\/\/www.jovink.nl\/2004\/?p=home\" target=\"_blank\">Gijs Jolink<\/a>&nbsp;, zanger Jovink en de Voederbietels en organisator Zwarte Cross<br><br><a rel=\"noreferrer noopener\" href=\"https:\/\/www.hermanfinkers.net\/\" target=\"_blank\">Herman Finkers&nbsp;<\/a>Twents kabberetier en zanger. Bekender kan et niet!<\/p>\n\n\n\n<p><a href=\"http:\/\/veldmanjan.nl\/?page_id=18\" target=\"_blank\" rel=\"noreferrer noopener\">Jan Veldman<\/a>, theoatermoaker, schriever, muzikant, Schrift veul toneelstukken in t Grunnegs, K\u00f6rtsleden wuir van hom zien stuk \u2018Menalda Vetes\u2019 deur Theatergroep Waark uutvoerd.<\/p>\n\n\n\n<p><a href=\"https:\/\/marlenebakker.nl\/nl\" target=\"_blank\" rel=\"noreferrer noopener\">Marlene Bakker<\/a>, zangeres, schrift laidjes, debuteerde k\u00f6rtsleden mit t Grunnegstoalege album RAIF. n Nije steern aan Grunneger hemel, veroverde rap n groot publiek.<\/p>\n\n\n\n<p><a href=\"https:\/\/overijssel.pvda.nl\/wieiswie\/anneke-beukers\/\" target=\"_blank\" rel=\"noreferrer noopener\">Anneke Beukers<\/a>, staotelid PvdA, docent Nederlaans, direkteur MBO, toezichthoolder sociaole warkveurziening.<br><br><a href=\"http:\/\/www.kikproductions.nl\/\" target=\"_blank\" rel=\"noreferrer noopener\">Nathalie Baartman,<\/a>&nbsp;&nbsp;is een anstormend talent in de Nederlands cabaretwereld<\/p>\n\n\n\n<p>Jan Groenbroek,&nbsp;hoofdredacteur Toal en Taiken, tiedschrift veur Grunneger kultuur, directeur Grunneger Cultuurcentrum Scheemde, old-docent Duutse toal- en letterkunde, siktoares Stichting t Grunneger Bouk, siktoares\/penningmeester Stichting De Boukenkist.<\/p>\n\n\n\n<p><\/p>\n","protected":false},"excerpt":{"rendered":"<p>Ambassadeursomgeving Om de Nedersaksische regionale taal verder te versterken en bekender te maken heeft het stichtingsbestuur ambassadeurs benoemd. Een ambassadeur van het Nedersaksisch is een bekende persoon die voor het Nedersaksisch pleit en die op geschikte momenten het Nedersaksisch uitdraagt.&nbsp;De&nbsp; &hellip; <a href=\"https:\/\/www.sont.nl\/?page_id=84\">Lees verder <span class=\"meta-nav\">&rarr;<\/span><\/a><\/p>\n","protected":false},"author":1,"featured_media":0,"parent":0,"menu_order":0,"comment_status":"closed","ping_status":"closed","template":"","meta":{"footnotes":""},"class_list":["post-84","page","type-page","status-publish","hentry"],"_links":{"self":[{"href":"https:\/\/www.sont.nl\/index.php?rest_route=\/wp\/v2\/pages\/84","targetHints":{"allow":["GET"]}}],"collection":[{"href":"https:\/\/www.sont.nl\/index.php?rest_route=\/wp\/v2\/pages"}],"about":[{"href":"https:\/\/www.sont.nl\/index.php?rest_route=\/wp\/v2\/types\/page"}],"author":[{"embeddable":true,"href":"https:\/\/www.sont.nl\/index.php?rest_route=\/wp\/v2\/users\/1"}],"replies":[{"embeddable":true,"href":"https:\/\/www.sont.nl\/index.php?rest_route=%2Fwp%2Fv2%2Fcomments&post=84"}],"version-history":[{"count":1,"href":"https:\/\/www.sont.nl\/index.php?rest_route=\/wp\/v2\/pages\/84\/revisions"}],"predecessor-version":[{"id":85,"href":"https:\/\/www.sont.nl\/index.php?rest_route=\/wp\/v2\/pages\/84\/revisions\/85"}],"wp:attachment":[{"href":"https:\/\/www.sont.nl\/index.php?rest_route=%2Fwp%2Fv2%2Fmedia&parent=84"}],"curies":[{"name":"wp","href":"https:\/\/api.w.org\/{rel}","templated":true}]}}