{"id":43,"date":"2026-02-23T20:47:48","date_gmt":"2026-02-23T20:47:48","guid":{"rendered":"https:\/\/www.sont.nl\/?page_id=43"},"modified":"2026-02-23T21:08:18","modified_gmt":"2026-02-23T21:08:18","slug":"ansleuten-orgenisaosies","status":"publish","type":"page","link":"https:\/\/www.sont.nl\/?page_id=43","title":{"rendered":"Ansleuten orgenisaosies"},"content":{"rendered":"\n<figure class=\"wp-block-gallery has-nested-images columns-default is-cropped wp-block-gallery-1 is-layout-flex wp-block-gallery-is-layout-flex\">\n<figure class=\"wp-block-image size-large is-style-default\"><a href=\"https:\/\/www.ecal.nu\/\"><img loading=\"lazy\" decoding=\"async\" width=\"200\" height=\"200\" data-id=\"44\" src=\"http:\/\/www.sont.nl\/wp-content\/uploads\/2026\/02\/logo_erfgoed_centrum.png\" alt=\"\" class=\"wp-image-44\" srcset=\"https:\/\/www.sont.nl\/wp-content\/uploads\/2026\/02\/logo_erfgoed_centrum.png 200w, https:\/\/www.sont.nl\/wp-content\/uploads\/2026\/02\/logo_erfgoed_centrum-150x150.png 150w\" sizes=\"auto, (max-width: 200px) 100vw, 200px\" \/><\/a><figcaption class=\"wp-element-caption\">Erfgoedcentrum Achterhoek en Liemers<\/figcaption><\/figure>\n\n\n\n<figure class=\"wp-block-image size-large\"><a href=\"https:\/\/streektaalvrienden.nl\/\"><img loading=\"lazy\" decoding=\"async\" width=\"200\" height=\"200\" data-id=\"45\" src=\"http:\/\/www.sont.nl\/wp-content\/uploads\/2026\/02\/logo_vrienden_streektaal_lochem.png\" alt=\"\" class=\"wp-image-45\" srcset=\"https:\/\/www.sont.nl\/wp-content\/uploads\/2026\/02\/logo_vrienden_streektaal_lochem.png 200w, https:\/\/www.sont.nl\/wp-content\/uploads\/2026\/02\/logo_vrienden_streektaal_lochem-150x150.png 150w\" sizes=\"auto, (max-width: 200px) 100vw, 200px\" \/><\/a><figcaption class=\"wp-element-caption\">Vrienden van de Streektaal veur Lochem en umgeving<\/figcaption><\/figure>\n\n\n\n<figure class=\"wp-block-image size-large\"><a href=\"https:\/\/www.dialektkringe-sov.nl\/\"><img loading=\"lazy\" decoding=\"async\" width=\"200\" height=\"200\" data-id=\"49\" src=\"http:\/\/www.sont.nl\/wp-content\/uploads\/2026\/02\/logo_salland_oostveluwe.png\" alt=\"\" class=\"wp-image-49\" srcset=\"https:\/\/www.sont.nl\/wp-content\/uploads\/2026\/02\/logo_salland_oostveluwe.png 200w, https:\/\/www.sont.nl\/wp-content\/uploads\/2026\/02\/logo_salland_oostveluwe-150x150.png 150w\" sizes=\"auto, (max-width: 200px) 100vw, 200px\" \/><\/a><figcaption class=\"wp-element-caption\"><a href=\"https:\/\/www.dialektkringe-sov.nl\/index.php?district=Q&amp;actie=N&amp;id=76\">Dialektkringe Salland &amp; OostVeluwe<\/a><\/figcaption><\/figure>\n\n\n\n<figure class=\"wp-block-image size-large\"><a href=\"https:\/\/kreenk.nl\/\"><img loading=\"lazy\" decoding=\"async\" width=\"200\" height=\"200\" data-id=\"51\" src=\"http:\/\/www.sont.nl\/wp-content\/uploads\/2026\/02\/logo_kreenk_vuur_twentse_sproak.png\" alt=\"\" class=\"wp-image-51\" srcset=\"https:\/\/www.sont.nl\/wp-content\/uploads\/2026\/02\/logo_kreenk_vuur_twentse_sproak.png 200w, https:\/\/www.sont.nl\/wp-content\/uploads\/2026\/02\/logo_kreenk_vuur_twentse_sproak-150x150.png 150w\" sizes=\"auto, (max-width: 200px) 100vw, 200px\" \/><\/a><figcaption class=\"wp-element-caption\"><strong>Kreenk vuur de Twentse Sproak<\/strong><\/figcaption><\/figure>\n\n\n\n<figure class=\"wp-block-image size-large\"><a href=\"https:\/\/cgtc.nl\/\"><img loading=\"lazy\" decoding=\"async\" width=\"200\" height=\"200\" data-id=\"53\" src=\"http:\/\/www.sont.nl\/wp-content\/uploads\/2026\/02\/logo_centrum_groninger_taal_cultuur.png\" alt=\"\" class=\"wp-image-53\" srcset=\"https:\/\/www.sont.nl\/wp-content\/uploads\/2026\/02\/logo_centrum_groninger_taal_cultuur.png 200w, https:\/\/www.sont.nl\/wp-content\/uploads\/2026\/02\/logo_centrum_groninger_taal_cultuur-150x150.png 150w\" sizes=\"auto, (max-width: 200px) 100vw, 200px\" \/><\/a><figcaption class=\"wp-element-caption\">Centrum Groninger Taal &amp; Cultuur<\/figcaption><\/figure>\n\n\n\n<figure class=\"wp-block-image size-large\"><a href=\"https:\/\/a-theater.nl\/\"><img loading=\"lazy\" decoding=\"async\" width=\"200\" height=\"200\" data-id=\"55\" src=\"http:\/\/www.sont.nl\/wp-content\/uploads\/2026\/02\/logo_der_aa_theater.png\" alt=\"\" class=\"wp-image-55\" srcset=\"https:\/\/www.sont.nl\/wp-content\/uploads\/2026\/02\/logo_der_aa_theater.png 200w, https:\/\/www.sont.nl\/wp-content\/uploads\/2026\/02\/logo_der_aa_theater-150x150.png 150w\" sizes=\"auto, (max-width: 200px) 100vw, 200px\" \/><\/a><figcaption class=\"wp-element-caption\">A-Theater<\/figcaption><\/figure>\n\n\n\n<figure class=\"wp-block-image size-large\"><a href=\"https:\/\/www.documentatiecentrumurk.nl\/\"><img loading=\"lazy\" decoding=\"async\" width=\"200\" height=\"200\" data-id=\"57\" src=\"http:\/\/www.sont.nl\/wp-content\/uploads\/2026\/02\/logo_documentatiecentrum_urk.png\" alt=\"\" class=\"wp-image-57\" srcset=\"https:\/\/www.sont.nl\/wp-content\/uploads\/2026\/02\/logo_documentatiecentrum_urk.png 200w, https:\/\/www.sont.nl\/wp-content\/uploads\/2026\/02\/logo_documentatiecentrum_urk-150x150.png 150w\" sizes=\"auto, (max-width: 200px) 100vw, 200px\" \/><\/a><figcaption class=\"wp-element-caption\">Stichting Urker Taol<\/figcaption><\/figure>\n\n\n\n<figure class=\"wp-block-image size-large\"><a href=\"https:\/\/www.grunnegerbouk.com\/\"><img loading=\"lazy\" decoding=\"async\" width=\"200\" height=\"200\" data-id=\"60\" src=\"http:\/\/www.sont.nl\/wp-content\/uploads\/2026\/02\/logo_grunneger_bouk.png\" alt=\"\" class=\"wp-image-60\" srcset=\"https:\/\/www.sont.nl\/wp-content\/uploads\/2026\/02\/logo_grunneger_bouk.png 200w, https:\/\/www.sont.nl\/wp-content\/uploads\/2026\/02\/logo_grunneger_bouk-150x150.png 150w\" sizes=\"auto, (max-width: 200px) 100vw, 200px\" \/><\/a><figcaption class=\"wp-element-caption\">Stichting<br>\u2019t Grunneger Bouk<\/figcaption><\/figure>\n\n\n\n<figure class=\"wp-block-image size-large\"><a href=\"http:\/\/www.stellingwarver-schrieversronte.nl\/\"><img loading=\"lazy\" decoding=\"async\" width=\"200\" height=\"200\" data-id=\"62\" src=\"http:\/\/www.sont.nl\/wp-content\/uploads\/2026\/02\/logo_stellingwarver_schrieversronte.png\" alt=\"\" class=\"wp-image-62\" srcset=\"https:\/\/www.sont.nl\/wp-content\/uploads\/2026\/02\/logo_stellingwarver_schrieversronte.png 200w, https:\/\/www.sont.nl\/wp-content\/uploads\/2026\/02\/logo_stellingwarver_schrieversronte-150x150.png 150w\" sizes=\"auto, (max-width: 200px) 100vw, 200px\" \/><\/a><figcaption class=\"wp-element-caption\">Stellingwarver-Schrieversronte<\/figcaption><\/figure>\n\n\n\n<figure class=\"wp-block-image size-large\"><a href=\"https:\/\/www.dialectkring.nl\/\"><img loading=\"lazy\" decoding=\"async\" width=\"200\" height=\"200\" data-id=\"64\" src=\"http:\/\/www.sont.nl\/wp-content\/uploads\/2026\/02\/logo_dialectkring_achterhook_liemers.png\" alt=\"\" class=\"wp-image-64\" srcset=\"https:\/\/www.sont.nl\/wp-content\/uploads\/2026\/02\/logo_dialectkring_achterhook_liemers.png 200w, https:\/\/www.sont.nl\/wp-content\/uploads\/2026\/02\/logo_dialectkring_achterhook_liemers-150x150.png 150w\" sizes=\"auto, (max-width: 200px) 100vw, 200px\" \/><\/a><figcaption class=\"wp-element-caption\">Dialectkring Achterhook en Liemers<\/figcaption><\/figure>\n\n\n\n<figure class=\"wp-block-image size-large\"><img loading=\"lazy\" decoding=\"async\" width=\"200\" height=\"200\" data-id=\"66\" src=\"http:\/\/www.sont.nl\/wp-content\/uploads\/2026\/02\/logo_leeg.png\" alt=\"\" class=\"wp-image-66\" srcset=\"https:\/\/www.sont.nl\/wp-content\/uploads\/2026\/02\/logo_leeg.png 200w, https:\/\/www.sont.nl\/wp-content\/uploads\/2026\/02\/logo_leeg-150x150.png 150w\" sizes=\"auto, (max-width: 200px) 100vw, 200px\" \/><\/figure>\n\n\n\n<figure class=\"wp-block-image size-large\"><img loading=\"lazy\" decoding=\"async\" width=\"200\" height=\"200\" data-id=\"69\" src=\"http:\/\/www.sont.nl\/wp-content\/uploads\/2026\/02\/logo_leeg-1.png\" alt=\"\" class=\"wp-image-69\" srcset=\"https:\/\/www.sont.nl\/wp-content\/uploads\/2026\/02\/logo_leeg-1.png 200w, https:\/\/www.sont.nl\/wp-content\/uploads\/2026\/02\/logo_leeg-1-150x150.png 150w\" sizes=\"auto, (max-width: 200px) 100vw, 200px\" \/><\/figure>\n<\/figure>\n\n\n\n<p><strong><strong>SONT zels is ansleuten bi\u2019j<\/strong><\/strong><\/p>\n\n\n\n<div class=\"wp-block-media-text is-stacked-on-mobile\"><figure class=\"wp-block-media-text__media\"><a href=\"https:\/\/www.niederdeutschsekretariat.de\/\"><img loading=\"lazy\" decoding=\"async\" width=\"200\" height=\"200\" src=\"http:\/\/www.sont.nl\/wp-content\/uploads\/2026\/02\/logo_bfn.png\" alt=\"\" class=\"wp-image-71 size-full\" srcset=\"https:\/\/www.sont.nl\/wp-content\/uploads\/2026\/02\/logo_bfn.png 200w, https:\/\/www.sont.nl\/wp-content\/uploads\/2026\/02\/logo_bfn-150x150.png 150w\" sizes=\"auto, (max-width: 200px) 100vw, 200px\" \/><\/a><\/figure><div class=\"wp-block-media-text__content\">\n<p>BfN (Bundesraat f\u00f6r Nedderd\u00fc\u00fctsch<br>Bundesrat f\u00fcr Niederdeutsch \/ Federal Council for Low German\u00a0\u2018Boonsraod veur Nederduuts\u2019 )<br>(SONT het gaaststaotus)<\/p>\n<\/div><\/div>\n\n\n\n<div class=\"wp-block-media-text is-stacked-on-mobile\"><figure class=\"wp-block-media-text__media\"><a href=\"https:\/\/www.eblt.nl\/\"><img loading=\"lazy\" decoding=\"async\" width=\"200\" height=\"200\" src=\"http:\/\/www.sont.nl\/wp-content\/uploads\/2026\/02\/logo_eblt.png\" alt=\"\" class=\"wp-image-73 size-full\" srcset=\"https:\/\/www.sont.nl\/wp-content\/uploads\/2026\/02\/logo_eblt.png 200w, https:\/\/www.sont.nl\/wp-content\/uploads\/2026\/02\/logo_eblt-150x150.png 150w\" sizes=\"auto, (max-width: 200px) 100vw, 200px\" \/><\/a><\/figure><div class=\"wp-block-media-text__content\">\n<p>EBLT \/ EBKT (Europeesk Buro foar Lytse Talen\/Europees Buro veur Kleine Taelen)(SONT = lidorgenisaosie); et EBKT vertegenwoordigt ok SONT bi\u2019j de Europese orgenisaosie NPLD (Network to promote linguistic diversity):\u00a0<a href=\"http:\/\/www.npld.eu\/\">http:\/\/www.npld.eu\/<\/a><\/p>\n<\/div><\/div>\n\n\n\n<div class=\"wp-block-media-text is-stacked-on-mobile\"><figure class=\"wp-block-media-text__media\"><img loading=\"lazy\" decoding=\"async\" width=\"200\" height=\"200\" src=\"http:\/\/www.sont.nl\/wp-content\/uploads\/2026\/02\/logo_npld.png\" alt=\"\" class=\"wp-image-75 size-full\" srcset=\"https:\/\/www.sont.nl\/wp-content\/uploads\/2026\/02\/logo_npld.png 200w, https:\/\/www.sont.nl\/wp-content\/uploads\/2026\/02\/logo_npld-150x150.png 150w\" sizes=\"auto, (max-width: 200px) 100vw, 200px\" \/><\/figure><div class=\"wp-block-media-text__content\">\n<p><\/p>\n<\/div><\/div>\n","protected":false},"excerpt":{"rendered":"<p>SONT zels is ansleuten bi\u2019j BfN (Bundesraat f\u00f6r Nedderd\u00fc\u00fctschBundesrat f\u00fcr Niederdeutsch \/ Federal Council for Low German\u00a0\u2018Boonsraod veur Nederduuts\u2019 )(SONT het gaaststaotus) EBLT \/ EBKT (Europeesk Buro foar Lytse Talen\/Europees Buro veur Kleine Taelen)(SONT = lidorgenisaosie); et EBKT vertegenwoordigt ok &hellip; <a href=\"https:\/\/www.sont.nl\/?page_id=43\">Lees verder <span class=\"meta-nav\">&rarr;<\/span><\/a><\/p>\n","protected":false},"author":1,"featured_media":0,"parent":0,"menu_order":0,"comment_status":"closed","ping_status":"closed","template":"","meta":{"footnotes":""},"class_list":["post-43","page","type-page","status-publish","hentry"],"_links":{"self":[{"href":"https:\/\/www.sont.nl\/index.php?rest_route=\/wp\/v2\/pages\/43","targetHints":{"allow":["GET"]}}],"collection":[{"href":"https:\/\/www.sont.nl\/index.php?rest_route=\/wp\/v2\/pages"}],"about":[{"href":"https:\/\/www.sont.nl\/index.php?rest_route=\/wp\/v2\/types\/page"}],"author":[{"embeddable":true,"href":"https:\/\/www.sont.nl\/index.php?rest_route=\/wp\/v2\/users\/1"}],"replies":[{"embeddable":true,"href":"https:\/\/www.sont.nl\/index.php?rest_route=%2Fwp%2Fv2%2Fcomments&post=43"}],"version-history":[{"count":17,"href":"https:\/\/www.sont.nl\/index.php?rest_route=\/wp\/v2\/pages\/43\/revisions"}],"predecessor-version":[{"id":76,"href":"https:\/\/www.sont.nl\/index.php?rest_route=\/wp\/v2\/pages\/43\/revisions\/76"}],"wp:attachment":[{"href":"https:\/\/www.sont.nl\/index.php?rest_route=%2Fwp%2Fv2%2Fmedia&parent=43"}],"curies":[{"name":"wp","href":"https:\/\/api.w.org\/{rel}","templated":true}]}}